{"id":37815,"date":"2018-07-11T11:54:01","date_gmt":"2018-07-11T09:54:01","guid":{"rendered":"https:\/\/www.tylohelo.be\/privacy\/"},"modified":"2020-04-21T10:12:43","modified_gmt":"2020-04-21T08:12:43","slug":"privacy","status":"publish","type":"page","link":"https:\/\/www.tylohelo.be\/fr\/privacy\/","title":{"rendered":"Privacy"},"content":{"rendered":"<div class=\"row privacy-policy\"><div class=\"container-fluid\"><div class=\"col-sm-8 col-sm-push-2\"><h1 class=\"bottom_border\">Privacy Policy<\/h1><\/div><\/div><\/div><div class=\"row privacy-policy\"><div class=\"container-fluid\"><div class=\"col-sm-8 col-sm-push-2\"><h2 class=\"margin-top-md\">Pourquoi cette d\u00e9claration de confidentialit\u00e9 ?<\/h2>\n<p>Tyl\u00f6 prend tr\u00e8s \u00e0 c\u0153ur la protection de votre vie priv\u00e9e et de vos donn\u00e9es personnelles. Nous utilisons uniquement vos donn\u00e9es personnelles dans le respect de la loi sur la vie priv\u00e9e et autres dispositions l\u00e9gales pertinentes en vigueur. Dans la pr\u00e9sente D\u00e9claration de confidentialit\u00e9, toute r\u00e9f\u00e9rence \u00e0 la loi sur la protection de la vie priv\u00e9e renvoie \u00e0 la loi du 8 d\u00e9cembre 1992 relative \u00e0 la protection de la vie priv\u00e9e par rapport au traitement des donn\u00e9es \u00e0 caract\u00e8re personnel. Toute r\u00e9f\u00e9rence au r\u00e8glement est une r\u00e9f\u00e9rence au r\u00e8glement du 27 avril 2016 relatif \u00e0 la protection des personnes physiques par rapport au traitement des donn\u00e9es \u00e0 caract\u00e8re personnel et \u00e0 la libre circulation de ces donn\u00e9es.<\/p>\n<p>Par la pr\u00e9sente D\u00e9claration de confidentialit\u00e9, Tyl\u00f6 souhaite vous informer sur les \u00e9ventuels traitements par rapport \u00e0 vos donn\u00e9es et \u00e0 vos droits. En utilisant notre plateforme\/notre site Internet\/notre application, vous donnez votre autorisation explicite de traitement \u00e0 Tyl\u00f6.<\/p>\n<p>Il est possible que cette D\u00e9claration de Confidentialit\u00e9 soit sujette \u00e0 des modifications et des changements \u00e0 l\u2019avenir. Il est de votre responsabilit\u00e9 de consulter r\u00e9guli\u00e8rement ce document. Toute modification substantielle sera toujours clairement communiqu\u00e9e sur la plateforme de Tyl\u00f6.<\/p>\n<\/div><\/div><\/div><div class=\"row privacy-policy\"><div class=\"container-fluid\"><div class=\"col-sm-8 col-sm-push-2\"><h2 class=\"margin-top-md\">Qui traite les donn\u00e9es personnelles ?<\/h2>\n<p>La plateforme\/le site Internet\/l\u2019application www.Tyl\u00f6.be est une initiative de\u00a0:<\/p>\n<p>Abisco NV (Ci-apr\u00e8s\u00a0: \u00ab\u00a0Tyl\u00f6 \u00bb)<\/p>\n<p><span class=\"street-address\">Heiveldekens 5<\/span><br \/><span class=\"postal-code\">B-2550<\/span>\u00a0<span class=\"locality\">Kontich<\/span><br \/>E-mail\u00a0: info@tylo-wellness.be<br \/>Tel:\u00a0<span class=\"tel\">+32 (0)3 201 25 40<\/span><\/p>\n<\/div><\/div><\/div><div class=\"row privacy-policy\"><div class=\"container-fluid\"><div class=\"col-sm-8 col-sm-push-2\"><h2 class=\"margin-top-md\">Quelles sont les donn\u00e9es personnelles qui sont trait\u00e9es ?<\/h2>\n<p>Tyl\u00f6 s\u2019engage \u00e0 uniquement traiter les donn\u00e9es pertinentes et n\u00e9cessaires aux fins pour lesquelles elles sont collect\u00e9es. Tyl\u00f6 peut traiter les cat\u00e9gories suivantes de donn\u00e9es personnelles\u00a0:<\/p>\n<ul>\n<li>Donn\u00e9es d\u2019identification<\/li>\n<li>D\u00e9tails financiers<\/li>\n<li>Mode de vie<\/li>\n<li>Caract\u00e9ristiques d\u2019habitation<\/li>\n<\/ul>\n<\/div><\/div><\/div><div class=\"row privacy-policy\"><div class=\"container-fluid\"><div class=\"col-sm-8 col-sm-push-2\"><h2 class=\"margin-top-md\">\u00c0 quelles fins sont utilis\u00e9es mes donn\u00e9es personnelles ?<\/h2>\n<p>Tyl\u00f6 rassemble des donn\u00e9es personnelles afin de vous offrir une exp\u00e9rience utilisateur s\u00fbre, personnalis\u00e9e et optimale. La collecte de donn\u00e9es personnelles s\u2019intensifiera au fur et \u00e0 mesure que vous ferez usage de la plateforme\/du site Internet\/de l\u2019application et de nos services en ligne.<\/p>\n<p>Le traitement des donn\u00e9es est essentiel pour le fonctionnement de la plateforme\/du site Internet\/de l\u2019application et des services aff\u00e9rents. Nous traitons uniquement les donn\u00e9es aux fins sp\u00e9cifiques suivantes\u00a0:<\/p>\n<ul>\n<li>Vous donner acc\u00e8s \u00e0 votre profil utilisateur.<\/li>\n<li>Proposer et am\u00e9liorer un service g\u00e9n\u00e9ral et personnalis\u00e9, y compris \u00e0 des fins de facturation, proposer des informations, des newsletters et des offres qui vous sont utiles et\/ou n\u00e9cessaires, r\u00e9ception et traitement des commentaires utilisateurs et soutien.<\/li>\n<li>Offrir et am\u00e9liorer les produits propos\u00e9s, produits sp\u00e9cifiques et personnalis\u00e9s sur la base des informations et des donn\u00e9es fournies.<\/li>\n<li>D\u00e9tecter et prot\u00e9ger contre la fraude, les erreurs et\/ou les comportements criminels.<\/li>\n<li>Fins de marketing.<\/li>\n<\/ul>\n<p>Lors d\u2019une visite sur la plateforme\/le site Internet\/l\u2019application de Tyl\u00f6, les donn\u00e9es sont uniquement collect\u00e9es \u00e0 des fins statistiques. Elles sont n\u00e9cessaires pour optimiser l\u2019utilisation de notre plateforme\/site Internet\/application. Il s\u2019agit des donn\u00e9es suivantes\u00a0: adresse IP, emplacement suppos\u00e9 de la consultation, heure et jour de la consultation, pages visit\u00e9es. En visitant la plateforme\/le site Internet\/l\u2019application de Tyl\u00f6, vous acceptez que ces donn\u00e9es soient collect\u00e9es \u00e0 des fins statistiques telles que d\u00e9crites ci-dessus.<\/p>\n<p>L\u2019Utilisateur fournit toujours les donn\u00e9es personnelles \u00e0 Tyl\u00f6 lui-m\u00eame et peut ainsi exercer un certain degr\u00e9 de contr\u00f4le. Si certaines donn\u00e9es sont incompl\u00e8tes ou semblent incorrectes, Tyl\u00f6 se r\u00e9serve le droit de reporter temporairement ou d\u00e9finitivement certaines actions attendues.<\/p>\n<p>Les donn\u00e9es personnelles ne seront trait\u00e9es que pour un usage interne au sein de Tyl\u00f6. Nous pouvons donc vous assurer que les donn\u00e9es personnelles ne seront pas vendues, transmises ou communiqu\u00e9es \u00e0 des tiers qui nous sont li\u00e9s. Tyl\u00f6 a pris toutes les pr\u00e9cautions juridiques et techniques possibles pour emp\u00eacher l\u2019acc\u00e8s et l\u2019utilisation non autoris\u00e9s.<\/p>\n<h3><strong>Combell<\/strong><\/h3>\n<p>Combell est un constructeur de solutions d\u2019h\u00e9bergement gr\u00e2ce auquel notre site Internet fonctionne de mani\u00e8re optimale.\u00a0Toutes les donn\u00e9es que nous collections seront trait\u00e9es de mani\u00e8re l\u00e9gale et honn\u00eate sur les\u00a0<a href=\"https:\/\/www.combell.com\/fr\/infrastructure\">serveurs s\u00e9curis\u00e9s<\/a>. Cdispose d\u2019un\u00a0<a href=\"https:\/\/www.combell.com\/fr\/a-propos-de-combell\/label-de-qualite-iso-9001\">ISO 9001- certificaat<\/a>\u00a0et un\u00a0<a href=\"https:\/\/www.combell.com\/fr\/a-propos-de-combell\/label-de-qualite-iso-27001\">ISO 27001-certificaat<\/a>\u00a0pour la protection des donn\u00e9es.<\/p>\n<\/div><\/div><\/div><div class=\"row privacy-policy\"><div class=\"container-fluid\"><div class=\"col-sm-8 col-sm-push-2\"><h2 class=\"margin-top-md\">Nous utilisons aussi des cookies !<\/h2>\n<p>Lorsque vous visitez notre plateforme\/site Internet, nous pouvons placer des cookies sur votre disque dur afin de mieux adapter la plateforme\/le site Internet aux besoins d\u2019un utilisateur qui y reviendra. Les cookies non fonctionnels nous aident \u00e0 optimiser votre visite sur la plateforme et \u00e0 nous rappeler de vos choix techniques.<\/p>\n<p>Pour mieux comprendre la mani\u00e8re dont nous utilisons les cookies pour r\u00e9colter et traiter vos donn\u00e9es personnelles, nous vous invitons \u00e0 lire notre <a href=\"https:\/\/www.tylohelo.be\/fr\/cookies\/\">Politique concernant les cookies<\/a>.<\/p>\n<p>Si vous d\u00e9sirez consulter la plateforme\/le site Internet de Tyl\u00f6, nous vous recommandons d\u2019activer les cookies. Pour d\u00e9sactiver les cookies, veuillez vous r\u00e9f\u00e9rer \u00e0 notre <a href=\"https:\/\/www.tylohelo.be\/fr\/cookies\/\">Politique concernant les cookies<\/a>.<\/p>\n<\/div><\/div><\/div><div class=\"row privacy-policy\"><div class=\"container-fluid\"><div class=\"col-sm-8 col-sm-push-2\"><h2 class=\"margin-top-md\">Quels sont mes droits ?<\/h2>\n<p><strong><u>Garantie d\u2019un traitement s\u00fbr et l\u00e9gitime des donn\u00e9es personnelles<\/u><\/strong><\/p>\n<p>Tyl\u00f6 traitera toujours vos donn\u00e9es de mani\u00e8re honn\u00eate et l\u00e9gitime, et vous offre ainsi les garanties suivantes\u00a0:<\/p>\n<ul>\n<li>Les donn\u00e9es personnelles seront uniquement trait\u00e9es dans le respect des fins l\u00e9gitimes d\u00e9crites dans cette D\u00e9claration de confidentialit\u00e9.<\/li>\n<li>Les donn\u00e9es personnelles ne seront trait\u00e9es que de mani\u00e8re satisfaisante, pertinente et non excessive.<\/li>\n<li>Les donn\u00e9es personnelles seront uniquement conserv\u00e9es pour la dur\u00e9e des fins l\u00e9gitimes d\u00e9crites dans cette D\u00e9claration de confidentialit\u00e9.<\/li>\n<\/ul>\n<p>Les mesures techniques et s\u00e9curitaires n\u00e9cessaires ont \u00e9t\u00e9 prises pour r\u00e9duire au minimum les risques d\u2019acc\u00e8s non autoris\u00e9 ou de traitement des donn\u00e9es personnelles. En cas d\u2019intrusion dans ses syst\u00e8mes informatiques, Tyl\u00f6 prendra imm\u00e9diatement les mesures n\u00e9cessaires pour limiter les d\u00e9g\u00e2ts au minimum.<\/p>\n<p><strong><u>Droit \u00e0 l\u2019acc\u00e8s\/\u00e0 la rectification\/\u00e0 la suppression de vos donn\u00e9es personnelles<\/u><\/strong><\/p>\n<p>Si vous prouvez votre identit\u00e9 en tant qu\u2019utilisateur, vous avez le droit d\u2019\u00eatre fix\u00e9 sur le traitement ou non de vos donn\u00e9es personnelles par Tyl\u00f6. Si Tyl\u00f6 traite vos donn\u00e9es, vous disposez par ailleurs d\u2019un droit d\u2019acc\u00e8s aux donn\u00e9es collect\u00e9es. Si vous souhaitez exercer votre droit \u00e0 l\u2019acc\u00e8s, Tyl\u00f6 y donnera suite dans un d\u00e9lai d\u2019un (1) mois suivant la r\u00e9ception de la demande. La demande aura lieu par envoi recommand\u00e9 ou par e-mail \u00e0 l\u2019adresse <a href=\"mailto:info@tylohelo.be\" target=\"_blank\" rel=\"noopener\" data-behavior=\"truncate\">info@tylohelo.be<\/a>.<\/p>\n<p>Les donn\u00e9es personnelles inexactes ou incompl\u00e8tes peuvent toujours \u00eatre am\u00e9lior\u00e9es. Toute erreur ou impr\u00e9cision rel\u00e8ve en premier lieu de la responsabilit\u00e9 de l\u2019Utilisateur. Vous pouvez exercer votre droit \u00e0 la rectification en transmettant une d\u00e9claration suppl\u00e9mentaire \u00e0 Tyl\u00f6. Tyl\u00f6 y donnera suite dans un d\u00e9lai d\u2019un (1) mois suivant la r\u00e9ception de la demande.<\/p>\n<p>Vous avez en outre le droit de faire effacer vos donn\u00e9es personnelles chez nous sans d\u00e9lai d\u00e9raisonnable. Vous pouvez toujours invoquer ce droit \u00e0 l\u2019oubli dans les cas suivants\u00a0:<\/p>\n<ul>\n<li>Lorsque les donn\u00e9es personnelles ne sont plus n\u00e9cessaires pour les fins auxquelles elles ont \u00e9t\u00e9 collect\u00e9es\u00a0;<\/li>\n<li>Lorsque les donn\u00e9es personnelles ont \u00e9t\u00e9 collect\u00e9es sur la base d\u2019une autorisation re\u00e7ue et qu\u2019il n\u2019existe aucune autre base l\u00e9gale pour leur traitement\u00a0;<\/li>\n<li>Lorsque le traitement fait l\u2019objet d\u2019une objection et qu\u2019il n\u2019existe aucune raison imp\u00e9rieuse pour le traitement ;<\/li>\n<li>Lorsque des donn\u00e9es personnelles ont fait l\u2019objet d\u2019un traitement illicite ;<\/li>\n<li>Lorsque les donn\u00e9es personnelles doivent \u00eatre effac\u00e9es conform\u00e9ment \u00e0 une obligation l\u00e9gale.<\/li>\n<\/ul>\n<p>C\u2019est Tyl\u00f6 qui d\u00e9termine si nous sommes en pr\u00e9sence de l\u2019un des cas susmentionn\u00e9s.<\/p>\n<p><strong><u>Droit \u00e0 la restriction\/objection au traitement de vos donn\u00e9es personnelles<\/u><\/strong><\/p>\n<p>L\u2019Utilisateur a le droit de restreindre le traitement de ses donn\u00e9es personnelles\u00a0:<\/p>\n<ul>\n<li>Pendant la p\u00e9riode n\u00e9cessaire \u00e0 Tyl\u00f6 pour v\u00e9rifier l\u2019exactitude des donn\u00e9es personnelles en cas de litige\u00a0;<\/li>\n<li>Lorsque le traitement des donn\u00e9es est ill\u00e9gal et que l\u2019Utilisateur demande une restriction du traitement des donn\u00e9es plut\u00f4t que leur suppression\u00a0;<\/li>\n<li>Lorsque Tyl\u00f6 n\u2019a plus besoin des donn\u00e9es personnelles de l\u2019Utilisateur \u00e0 des fins de traitement et que l\u2019Utilisateur a besoin de ces donn\u00e9es personnelles pour une action en justice ;<\/li>\n<li>Pendant la p\u00e9riode requise par Tyl\u00f6 pour \u00e9valuer la pr\u00e9sence des motifs d\u2019effacement des donn\u00e9es personnelles.<\/li>\n<\/ul>\n<p>De plus, l\u2019Utilisateur peut, \u00e0 tout moment, s\u2019opposer au traitement de ses donn\u00e9es personnelles. Tyl\u00f6 cessera alors de traiter vos donn\u00e9es personnelles, \u00e0 moins que Tyl\u00f6 ne puisse invoquer des raisons imp\u00e9rieuses et l\u00e9gitimes pour le traitement de vos donn\u00e9es personnelles qui l\u2019emportent sur le droit de l\u2019Utilisateur de s\u2019y opposer.<\/p>\n<p>Si l\u2019Utilisateur souhaite exercer ces droits, Tyl\u00f6 s\u2019y conformera dans un d\u00e9lai d\u2019un (1) mois \u00e0 compter de la r\u00e9ception de la demande. La demande doit \u00eatre envoy\u00e9e par courrier recommand\u00e9 ou par e-mail \u00e0 <a href=\"mailto:info@tylohelo.be\" target=\"_blank\" rel=\"noopener\" data-behavior=\"truncate\">info@tylohelo.be<\/a>.<\/p>\n<p><strong><u>Droit \u00e0 la transf\u00e9rabilit\u00e9 des donn\u00e9es<\/u><\/strong><\/p>\n<p>L\u2019Utilisateur a le droit d\u2019obtenir les donn\u00e9es personnelles fournies \u00e0 Tyl\u00f6 sous une forme structur\u00e9e, commune et lisible par machine. En outre, l\u2019Utilisateur a le droit de transf\u00e9rer ces donn\u00e9es personnelles \u00e0 un autre responsable du traitement si le traitement des donn\u00e9es personnelles repose exclusivement sur l\u2019autorisation de l\u2019Utilisateur.<\/p>\n<p>Si l\u2019Utilisateur souhaite exercer ce droit, Tyl\u00f6 s\u2019y conformera dans un d\u00e9lai d\u2019un (1) mois \u00e0 compter de la r\u00e9ception de la demande. La demande doit \u00eatre faite par courrier recommand\u00e9 ou par e-mail \u00e0 <a href=\"mailto:info@tylohelo.be\" target=\"_blank\" rel=\"noopener\" data-behavior=\"truncate\">info@tylohelo.be<\/a>.<\/p>\n<p><strong><u>Droit de retirer mon consentement\/de porter plainte<\/u><\/strong><\/p>\n<p>\u00c0 tout moment, l\u2019Utilisateur a le droit de retirer son consentement. Le retrait du consentement n\u2019affecte pas la lic\u00e9it\u00e9 du traitement sur la base du consentement pr\u00e9alable \u00e0 son retrait. En outre, l\u2019Utilisateur a le droit de d\u00e9poser une plainte concernant le traitement de ses donn\u00e9es personnelles par Tyl\u00f6 aupr\u00e8s de la Commission belge de la protection de la vie priv\u00e9e.<\/p>\n<p>Si l\u2019Utilisateur souhaite exercer ce droit, Tyl\u00f6 s\u2019y conformera dans un d\u00e9lai d\u2019un (1) mois \u00e0 compter de la r\u00e9ception de la demande. La demande doit \u00eatre faite par courrier recommand\u00e9 ou par e-mail \u00e0 <a href=\"mailto:info@tylohelo.be\" target=\"_blank\" rel=\"noopener\" data-behavior=\"truncate\">info@tylohelo.be<\/a>.<\/p>\n<\/div><\/div><\/div>\n","protected":false},"excerpt":{"rendered":"","protected":false},"author":319,"featured_media":0,"parent":0,"menu_order":10,"comment_status":"closed","ping_status":"closed","template":"page-templates\/full-width.php","meta":{"footnotes":""},"acf":[],"yoast_head":"<!-- This site is optimized with the Yoast SEO plugin v21.5 - https:\/\/yoast.com\/wordpress\/plugins\/seo\/ -->\n<title>Privacy | TyloHelo<\/title>\n<meta name=\"description\" content=\"La protection de votre vie priv\u00e9e et de vos donn\u00e9es sont tr\u00e8s important pour nous. Nous utilisons uniquement vos donn\u00e9es personnelles conform\u00e9ment \u00e0 la loi sur la confidentialit\u00e9.\" \/>\n<meta name=\"robots\" content=\"index, follow, max-snippet:-1, max-image-preview:large, max-video-preview:-1\" \/>\n<link rel=\"canonical\" href=\"https:\/\/www.tylohelo.be\/fr\/privacy\/\" \/>\n<meta property=\"og:locale\" content=\"fr_FR\" \/>\n<meta property=\"og:type\" content=\"article\" \/>\n<meta property=\"og:title\" content=\"Privacy | TyloHelo\" \/>\n<meta property=\"og:description\" content=\"La protection de votre vie priv\u00e9e et de vos donn\u00e9es sont tr\u00e8s important pour nous. Nous utilisons uniquement vos donn\u00e9es personnelles conform\u00e9ment \u00e0 la loi sur la confidentialit\u00e9.\" \/>\n<meta property=\"og:url\" content=\"https:\/\/www.tylohelo.be\/fr\/privacy\/\" \/>\n<meta property=\"og:site_name\" content=\"TyloHelo\" \/>\n<meta property=\"article:modified_time\" content=\"2020-04-21T08:12:43+00:00\" \/>\n<meta name=\"twitter:card\" content=\"summary_large_image\" \/>\n<meta name=\"twitter:label1\" content=\"Dur\u00e9e de lecture estim\u00e9e\" \/>\n\t<meta name=\"twitter:data1\" content=\"14 minutes\" \/>\n<script type=\"application\/ld+json\" class=\"yoast-schema-graph\">{\"@context\":\"https:\/\/schema.org\",\"@graph\":[{\"@type\":\"WebPage\",\"@id\":\"https:\/\/www.tylohelo.be\/fr\/privacy\/\",\"url\":\"https:\/\/www.tylohelo.be\/fr\/privacy\/\",\"name\":\"Privacy | TyloHelo\",\"isPartOf\":{\"@id\":\"https:\/\/www.tylohelo.be\/fr\/#website\"},\"datePublished\":\"2018-07-11T09:54:01+00:00\",\"dateModified\":\"2020-04-21T08:12:43+00:00\",\"description\":\"La protection de votre vie priv\u00e9e et de vos donn\u00e9es sont tr\u00e8s important pour nous. Nous utilisons uniquement vos donn\u00e9es personnelles conform\u00e9ment \u00e0 la loi sur la confidentialit\u00e9.\",\"breadcrumb\":{\"@id\":\"https:\/\/www.tylohelo.be\/fr\/privacy\/#breadcrumb\"},\"inLanguage\":\"fr-FR\",\"potentialAction\":[{\"@type\":\"ReadAction\",\"target\":[\"https:\/\/www.tylohelo.be\/fr\/privacy\/\"]}]},{\"@type\":\"BreadcrumbList\",\"@id\":\"https:\/\/www.tylohelo.be\/fr\/privacy\/#breadcrumb\",\"itemListElement\":[{\"@type\":\"ListItem\",\"position\":1,\"name\":\"Home\",\"item\":\"https:\/\/www.tylohelo.be\/fr\/\"},{\"@type\":\"ListItem\",\"position\":2,\"name\":\"Privacy\"}]},{\"@type\":\"WebSite\",\"@id\":\"https:\/\/www.tylohelo.be\/fr\/#website\",\"url\":\"https:\/\/www.tylohelo.be\/fr\/\",\"name\":\"TyloHelo\",\"description\":\"partenaire en wellness\",\"potentialAction\":[{\"@type\":\"SearchAction\",\"target\":{\"@type\":\"EntryPoint\",\"urlTemplate\":\"https:\/\/www.tylohelo.be\/fr\/?s={search_term_string}\"},\"query-input\":\"required name=search_term_string\"}],\"inLanguage\":\"fr-FR\"}]}<\/script>\n<!-- \/ Yoast SEO plugin. -->","yoast_head_json":{"title":"Privacy | TyloHelo","description":"La protection de votre vie priv\u00e9e et de vos donn\u00e9es sont tr\u00e8s important pour nous. Nous utilisons uniquement vos donn\u00e9es personnelles conform\u00e9ment \u00e0 la loi sur la confidentialit\u00e9.","robots":{"index":"index","follow":"follow","max-snippet":"max-snippet:-1","max-image-preview":"max-image-preview:large","max-video-preview":"max-video-preview:-1"},"canonical":"https:\/\/www.tylohelo.be\/fr\/privacy\/","og_locale":"fr_FR","og_type":"article","og_title":"Privacy | TyloHelo","og_description":"La protection de votre vie priv\u00e9e et de vos donn\u00e9es sont tr\u00e8s important pour nous. Nous utilisons uniquement vos donn\u00e9es personnelles conform\u00e9ment \u00e0 la loi sur la confidentialit\u00e9.","og_url":"https:\/\/www.tylohelo.be\/fr\/privacy\/","og_site_name":"TyloHelo","article_modified_time":"2020-04-21T08:12:43+00:00","twitter_card":"summary_large_image","twitter_misc":{"Dur\u00e9e de lecture estim\u00e9e":"14 minutes"},"schema":{"@context":"https:\/\/schema.org","@graph":[{"@type":"WebPage","@id":"https:\/\/www.tylohelo.be\/fr\/privacy\/","url":"https:\/\/www.tylohelo.be\/fr\/privacy\/","name":"Privacy | TyloHelo","isPartOf":{"@id":"https:\/\/www.tylohelo.be\/fr\/#website"},"datePublished":"2018-07-11T09:54:01+00:00","dateModified":"2020-04-21T08:12:43+00:00","description":"La protection de votre vie priv\u00e9e et de vos donn\u00e9es sont tr\u00e8s important pour nous. Nous utilisons uniquement vos donn\u00e9es personnelles conform\u00e9ment \u00e0 la loi sur la confidentialit\u00e9.","breadcrumb":{"@id":"https:\/\/www.tylohelo.be\/fr\/privacy\/#breadcrumb"},"inLanguage":"fr-FR","potentialAction":[{"@type":"ReadAction","target":["https:\/\/www.tylohelo.be\/fr\/privacy\/"]}]},{"@type":"BreadcrumbList","@id":"https:\/\/www.tylohelo.be\/fr\/privacy\/#breadcrumb","itemListElement":[{"@type":"ListItem","position":1,"name":"Home","item":"https:\/\/www.tylohelo.be\/fr\/"},{"@type":"ListItem","position":2,"name":"Privacy"}]},{"@type":"WebSite","@id":"https:\/\/www.tylohelo.be\/fr\/#website","url":"https:\/\/www.tylohelo.be\/fr\/","name":"TyloHelo","description":"partenaire en wellness","potentialAction":[{"@type":"SearchAction","target":{"@type":"EntryPoint","urlTemplate":"https:\/\/www.tylohelo.be\/fr\/?s={search_term_string}"},"query-input":"required name=search_term_string"}],"inLanguage":"fr-FR"}]}},"_links":{"self":[{"href":"https:\/\/www.tylohelo.be\/fr\/wp-json\/wp\/v2\/pages\/37815"}],"collection":[{"href":"https:\/\/www.tylohelo.be\/fr\/wp-json\/wp\/v2\/pages"}],"about":[{"href":"https:\/\/www.tylohelo.be\/fr\/wp-json\/wp\/v2\/types\/page"}],"author":[{"embeddable":true,"href":"https:\/\/www.tylohelo.be\/fr\/wp-json\/wp\/v2\/users\/319"}],"replies":[{"embeddable":true,"href":"https:\/\/www.tylohelo.be\/fr\/wp-json\/wp\/v2\/comments?post=37815"}],"version-history":[{"count":9,"href":"https:\/\/www.tylohelo.be\/fr\/wp-json\/wp\/v2\/pages\/37815\/revisions"}],"predecessor-version":[{"id":37995,"href":"https:\/\/www.tylohelo.be\/fr\/wp-json\/wp\/v2\/pages\/37815\/revisions\/37995"}],"wp:attachment":[{"href":"https:\/\/www.tylohelo.be\/fr\/wp-json\/wp\/v2\/media?parent=37815"}],"curies":[{"name":"wp","href":"https:\/\/api.w.org\/{rel}","templated":true}]}}