{"id":37755,"date":"2019-07-08T16:55:55","date_gmt":"2019-07-08T14:55:55","guid":{"rendered":"https:\/\/www.tylohelo.be\/product\/tylo-borstel-sauna-set\/"},"modified":"2020-05-13T17:20:24","modified_gmt":"2020-05-13T15:20:24","slug":"tylo-set-brosse-sauna","status":"publish","type":"product","link":"https:\/\/www.tylohelo.be\/fr\/produit\/tylo-set-brosse-sauna\/","title":{"rendered":"Tyl\u00f6 Set brosse sauna"},"content":{"rendered":"<div class=\"row single-product-intro padding-top-lg padding-bottom-lg\"><div class=\"container\"><div class=\"col-sm-offset-1 col-sm-10\"><h1 class=\"h2 bottom_border padding-bottom-md text-center\">Tyl\u00f6 Borstel sauna set<\/h1><\/div><\/div><\/div><div class=\"row product-first single-product-first margin-bottom-lg padding-bottom-lg\"><div class=\"container\"><div class=\"col-sm-6 margin-bottom-md iv-equal-height\"><div class=\"margin-right-lg text-center\"><div class=\"image-equalheight\" data-mh=\"group-iv-image\"><img decoding=\"async\" src=\"https:\/\/www.tylohelo.be\/wp-content\/uploads\/Sauna-brushes-fl.jpg\" alt=\"Tylo-brushes-sauna\" class=\"img-responsive\"><\/div><\/div><\/div><div class=\"col-sm-6 iv-equal-height\"><div class=\"margin-bottom-sm\">\n<p>Borstel sauna set<\/p>\n\n<\/div><div class=\"margin-top-lg\"><a class=\"btn btn-primary btn-md\" href=\"#offerte\">Demandez d&rsquo;information<\/a><\/div><\/div><\/div><\/div><div class=\"row single-blog\"><div class=\"container\"><div class=\"col-sm-12\">\n\t<div class=\"row iv-products margin-top-lg margin-bottom-md\">\n\t\t<div class=\"col-md-12\">\n\t\t\t<h2 class=\"h2\"><span>\n\t\t\t\t\n\t\t\t\t\t\t\t\tAlternatives\t\t\t\t\t\t\t\t<\/span><\/h2>\n\t\t<\/div>\n\t\t\n\t\t<div class=\"clearfix\"><\/div>\n\n\t\t<div class=\"row products slickit\">\n\t\t\t\n\t\t\t\t\t\t<div class=\"col-md-3 product iv-equal-height\">\n\t\t\t\t\t\t\t<a href=\"https:\/\/www.tylohelo.be\/fr\/produit\/tylo-eclairage-plafonier\/\">\n\t\t\t\t\t\t\t\t<span class=\"image\">\n\t\t\t\t\t\t\t\t \t<img decoding=\"async\" width=\"146\" height=\"185\" src=\"https:\/\/www.tylohelo.be\/wp-content\/uploads\/Downlight.jpg\" class=\"attachment-image_255 size-image_255 wp-post-image\" alt=\"Tylo-Spot-downlight-hammam\" \/>\n\t\t\t\t\t\t\t\t<\/span>\n\t\t\t\t\t\t\t\t<span class=\"title\">\n\t\t\t\t\t\t\t\t\tTyl\u00f6 Eclairage plafonier\n\t\t\t\t\t\t\t\t<\/span>\n\t\t\t\t\t\t\t<\/a>\n\t\t\t\t\t\t<\/div>\n\t\t\t\t\t\t\n\t\t\t\t\t\t<div class=\"col-md-3 product iv-equal-height\">\n\t\t\t\t\t\t\t<a href=\"https:\/\/www.tylohelo.be\/fr\/produit\/tylo-repose-tete-birch\/\">\n\t\t\t\t\t\t\t\t<span class=\"image\">\n\t\t\t\t\t\t\t\t \t<img decoding=\"async\" width=\"255\" height=\"155\" src=\"https:\/\/www.tylohelo.be\/wp-content\/uploads\/pillow-x-2.jpg\" class=\"attachment-image_255 size-image_255 wp-post-image\" alt=\"Tylo-pillow-Birch-wood\" \/>\n\t\t\t\t\t\t\t\t<\/span>\n\t\t\t\t\t\t\t\t<span class=\"title\">\n\t\t\t\t\t\t\t\t\tTyl\u00f6 Repose t\u00eate \u2013 Birch\n\t\t\t\t\t\t\t\t<\/span>\n\t\t\t\t\t\t\t<\/a>\n\t\t\t\t\t\t<\/div>\n\t\t\t\t\t\t\n\t\t\t\t\t\t<div class=\"col-md-3 product iv-equal-height\">\n\t\t\t\t\t\t\t<a href=\"https:\/\/www.tylohelo.be\/fr\/produit\/tylo-tradition-birch\/\">\n\t\t\t\t\t\t\t\t<span class=\"image\">\n\t\t\t\t\t\t\t\t \t<img decoding=\"async\" width=\"255\" height=\"125\" src=\"https:\/\/www.tylohelo.be\/wp-content\/uploads\/Birch-fl.jpg\" class=\"attachment-image_255 size-image_255 wp-post-image\" alt=\"Tylo-traditional-birch\" \/>\n\t\t\t\t\t\t\t\t<\/span>\n\t\t\t\t\t\t\t\t<span class=\"title\">\n\t\t\t\t\t\t\t\t\tTyl\u00f6 Tradition &#8211; Birch\n\t\t\t\t\t\t\t\t<\/span>\n\t\t\t\t\t\t\t<\/a>\n\t\t\t\t\t\t<\/div>\n\t\t\t\t\t\t\n\t\t\t\t\t\t<div class=\"col-md-3 product iv-equal-height\">\n\t\t\t\t\t\t\t<a href=\"https:\/\/www.tylohelo.be\/fr\/produit\/tylo-tremble-blonde\/\">\n\t\t\t\t\t\t\t\t<span class=\"image\">\n\t\t\t\t\t\t\t\t \t<img decoding=\"async\" width=\"255\" height=\"134\" src=\"https:\/\/www.tylohelo.be\/wp-content\/uploads\/Blond-fl.jpg\" class=\"attachment-image_255 size-image_255 wp-post-image\" alt=\"Tylo-Aspen-Blond-FL\" \/>\n\t\t\t\t\t\t\t\t<\/span>\n\t\t\t\t\t\t\t\t<span class=\"title\">\n\t\t\t\t\t\t\t\t\tTyl\u00f6 Tremble \u2013 Blonde\n\t\t\t\t\t\t\t\t<\/span>\n\t\t\t\t\t\t\t<\/a>\n\t\t\t\t\t\t<\/div>\n\t\t\t\t\t\t\t\t\t\t\t\t\t\t<\/div>\n\t<\/div>\n<\/div><\/div><\/div>\n","protected":false},"excerpt":{"rendered":"","protected":false},"featured_media":37310,"comment_status":"closed","ping_status":"closed","template":"","meta":[],"acf":[],"yoast_head":"<!-- This site is optimized with the Yoast SEO plugin v21.5 - https:\/\/yoast.com\/wordpress\/plugins\/seo\/ -->\n<title>Tyl\u00f6 Set brosse sauna - TyloHelo<\/title>\n<meta name=\"description\" content=\"Tyl\u00f6 set brosse sont des brosses de sauna finlandaises originales avec support suspendu en bois de h\u00eatre. Sensation tr\u00e8s agr\u00e9able sur la peau.\" \/>\n<meta name=\"robots\" content=\"index, follow, max-snippet:-1, max-image-preview:large, max-video-preview:-1\" \/>\n<link rel=\"canonical\" href=\"https:\/\/www.tylohelo.be\/fr\/produit\/tylo-set-brosse-sauna\/\" \/>\n<meta property=\"og:locale\" content=\"fr_FR\" \/>\n<meta property=\"og:type\" content=\"article\" \/>\n<meta property=\"og:title\" content=\"Tyl\u00f6 Set brosse sauna - TyloHelo\" \/>\n<meta property=\"og:description\" content=\"Tyl\u00f6 set brosse sont des brosses de sauna finlandaises originales avec support suspendu en bois de h\u00eatre. Sensation tr\u00e8s agr\u00e9able sur la peau.\" \/>\n<meta property=\"og:url\" content=\"https:\/\/www.tylohelo.be\/fr\/produit\/tylo-set-brosse-sauna\/\" \/>\n<meta property=\"og:site_name\" content=\"TyloHelo\" \/>\n<meta property=\"article:modified_time\" content=\"2020-05-13T15:20:24+00:00\" \/>\n<meta property=\"og:image\" content=\"https:\/\/www.tylohelo.be\/wp-content\/uploads\/Sauna-brushes-fl.jpg\" \/>\n\t<meta property=\"og:image:width\" content=\"190\" \/>\n\t<meta property=\"og:image:height\" content=\"300\" \/>\n\t<meta property=\"og:image:type\" content=\"image\/jpeg\" \/>\n<meta name=\"twitter:card\" content=\"summary_large_image\" \/>\n<meta name=\"twitter:label1\" content=\"Dur\u00e9e de lecture estim\u00e9e\" \/>\n\t<meta name=\"twitter:data1\" content=\"3 minutes\" \/>\n<script type=\"application\/ld+json\" class=\"yoast-schema-graph\">{\"@context\":\"https:\/\/schema.org\",\"@graph\":[{\"@type\":\"WebPage\",\"@id\":\"https:\/\/www.tylohelo.be\/fr\/produit\/tylo-set-brosse-sauna\/\",\"url\":\"https:\/\/www.tylohelo.be\/fr\/produit\/tylo-set-brosse-sauna\/\",\"name\":\"Tyl\u00f6 Set brosse sauna - TyloHelo\",\"isPartOf\":{\"@id\":\"https:\/\/www.tylohelo.be\/fr\/#website\"},\"datePublished\":\"2019-07-08T14:55:55+00:00\",\"dateModified\":\"2020-05-13T15:20:24+00:00\",\"description\":\"Tyl\u00f6 set brosse sont des brosses de sauna finlandaises originales avec support suspendu en bois de h\u00eatre. Sensation tr\u00e8s agr\u00e9able sur la peau.\",\"breadcrumb\":{\"@id\":\"https:\/\/www.tylohelo.be\/fr\/produit\/tylo-set-brosse-sauna\/#breadcrumb\"},\"inLanguage\":\"fr-FR\",\"potentialAction\":[{\"@type\":\"ReadAction\",\"target\":[\"https:\/\/www.tylohelo.be\/fr\/produit\/tylo-set-brosse-sauna\/\"]}]},{\"@type\":\"BreadcrumbList\",\"@id\":\"https:\/\/www.tylohelo.be\/fr\/produit\/tylo-set-brosse-sauna\/#breadcrumb\",\"itemListElement\":[{\"@type\":\"ListItem\",\"position\":1,\"name\":\"Home\",\"item\":\"https:\/\/www.tylohelo.be\/fr\/\"},{\"@type\":\"ListItem\",\"position\":2,\"name\":\"Producten\",\"item\":\"https:\/\/www.tylohelo.be\/shop\/\"},{\"@type\":\"ListItem\",\"position\":3,\"name\":\"Tyl\u00f6 Set brosse sauna\"}]},{\"@type\":\"WebSite\",\"@id\":\"https:\/\/www.tylohelo.be\/fr\/#website\",\"url\":\"https:\/\/www.tylohelo.be\/fr\/\",\"name\":\"TyloHelo\",\"description\":\"partenaire en wellness\",\"potentialAction\":[{\"@type\":\"SearchAction\",\"target\":{\"@type\":\"EntryPoint\",\"urlTemplate\":\"https:\/\/www.tylohelo.be\/fr\/?s={search_term_string}\"},\"query-input\":\"required name=search_term_string\"}],\"inLanguage\":\"fr-FR\"}]}<\/script>\n<!-- \/ Yoast SEO plugin. -->","yoast_head_json":{"title":"Tyl\u00f6 Set brosse sauna - TyloHelo","description":"Tyl\u00f6 set brosse sont des brosses de sauna finlandaises originales avec support suspendu en bois de h\u00eatre. Sensation tr\u00e8s agr\u00e9able sur la peau.","robots":{"index":"index","follow":"follow","max-snippet":"max-snippet:-1","max-image-preview":"max-image-preview:large","max-video-preview":"max-video-preview:-1"},"canonical":"https:\/\/www.tylohelo.be\/fr\/produit\/tylo-set-brosse-sauna\/","og_locale":"fr_FR","og_type":"article","og_title":"Tyl\u00f6 Set brosse sauna - TyloHelo","og_description":"Tyl\u00f6 set brosse sont des brosses de sauna finlandaises originales avec support suspendu en bois de h\u00eatre. Sensation tr\u00e8s agr\u00e9able sur la peau.","og_url":"https:\/\/www.tylohelo.be\/fr\/produit\/tylo-set-brosse-sauna\/","og_site_name":"TyloHelo","article_modified_time":"2020-05-13T15:20:24+00:00","og_image":[{"width":190,"height":300,"url":"https:\/\/www.tylohelo.be\/wp-content\/uploads\/Sauna-brushes-fl.jpg","type":"image\/jpeg"}],"twitter_card":"summary_large_image","twitter_misc":{"Dur\u00e9e de lecture estim\u00e9e":"3 minutes"},"schema":{"@context":"https:\/\/schema.org","@graph":[{"@type":"WebPage","@id":"https:\/\/www.tylohelo.be\/fr\/produit\/tylo-set-brosse-sauna\/","url":"https:\/\/www.tylohelo.be\/fr\/produit\/tylo-set-brosse-sauna\/","name":"Tyl\u00f6 Set brosse sauna - TyloHelo","isPartOf":{"@id":"https:\/\/www.tylohelo.be\/fr\/#website"},"datePublished":"2019-07-08T14:55:55+00:00","dateModified":"2020-05-13T15:20:24+00:00","description":"Tyl\u00f6 set brosse sont des brosses de sauna finlandaises originales avec support suspendu en bois de h\u00eatre. Sensation tr\u00e8s agr\u00e9able sur la peau.","breadcrumb":{"@id":"https:\/\/www.tylohelo.be\/fr\/produit\/tylo-set-brosse-sauna\/#breadcrumb"},"inLanguage":"fr-FR","potentialAction":[{"@type":"ReadAction","target":["https:\/\/www.tylohelo.be\/fr\/produit\/tylo-set-brosse-sauna\/"]}]},{"@type":"BreadcrumbList","@id":"https:\/\/www.tylohelo.be\/fr\/produit\/tylo-set-brosse-sauna\/#breadcrumb","itemListElement":[{"@type":"ListItem","position":1,"name":"Home","item":"https:\/\/www.tylohelo.be\/fr\/"},{"@type":"ListItem","position":2,"name":"Producten","item":"https:\/\/www.tylohelo.be\/shop\/"},{"@type":"ListItem","position":3,"name":"Tyl\u00f6 Set brosse sauna"}]},{"@type":"WebSite","@id":"https:\/\/www.tylohelo.be\/fr\/#website","url":"https:\/\/www.tylohelo.be\/fr\/","name":"TyloHelo","description":"partenaire en wellness","potentialAction":[{"@type":"SearchAction","target":{"@type":"EntryPoint","urlTemplate":"https:\/\/www.tylohelo.be\/fr\/?s={search_term_string}"},"query-input":"required name=search_term_string"}],"inLanguage":"fr-FR"}]}},"_links":{"self":[{"href":"https:\/\/www.tylohelo.be\/fr\/wp-json\/wp\/v2\/product\/37755"}],"collection":[{"href":"https:\/\/www.tylohelo.be\/fr\/wp-json\/wp\/v2\/product"}],"about":[{"href":"https:\/\/www.tylohelo.be\/fr\/wp-json\/wp\/v2\/types\/product"}],"replies":[{"embeddable":true,"href":"https:\/\/www.tylohelo.be\/fr\/wp-json\/wp\/v2\/comments?post=37755"}],"wp:featuredmedia":[{"embeddable":true,"href":"https:\/\/www.tylohelo.be\/fr\/wp-json\/wp\/v2\/media\/37310"}],"wp:attachment":[{"href":"https:\/\/www.tylohelo.be\/fr\/wp-json\/wp\/v2\/media?parent=37755"}],"curies":[{"name":"wp","href":"https:\/\/api.w.org\/{rel}","templated":true}]}}