{"id":38627,"date":"2019-10-11T16:03:10","date_gmt":"2019-11-08T13:50:38","guid":{"rendered":"https:\/\/www.tylohelo.be\/?post_type=product&#038;p=38627"},"modified":"2020-03-27T18:00:56","modified_gmt":"2020-03-27T16:00:56","slug":"sun-s-pavillon","status":"publish","type":"product","link":"https:\/\/www.tylohelo.be\/fr\/produit\/sun-s-pavillon\/","title":{"rendered":"Sun S Pavillon"},"content":{"rendered":"<div class=\"row single-product-intro padding-top-lg padding-bottom-lg\"><div class=\"container\"><div class=\"col-sm-offset-1 col-sm-10\"><h1 class=\"h2 bottom_border padding-bottom-md text-center\">Sun S Pavillon Cabine infrarouge <\/h1><\/div><\/div><\/div><div class=\"row product-first single-product-first\"><div class=\"container\"><div class=\"col-sm-6 margin-bottom-md iv-equal-height\"><div class=\"margin-right-lg text-center\"><div class=\"image-equalheight\" data-mh=\"group-iv-image\"><img decoding=\"async\" src=\"https:\/\/www.tylohelo.be\/wp-content\/uploads\/sun_s_pavillon_infrared_room.jpg\" alt=\"Sun-S-Pavillon-infrared-room\" class=\"img-responsive\"><\/div><\/div><\/div><div class=\"col-sm-6 iv-equal-height\"><div class=\"margin-bottom-sm\">\n<p>La cabine infrarouge Sun S Pavillon offre une solution polyvalente aux personnes qui d\u00e9sirent passer un moment wellness de qualit\u00e9. Ce mod\u00e8le est disponible en plusieurs dimensions compactes ainsi que sept agencements. Vous trouverez certainement la cabine qui vous convient\u00a0!<\/p>\n<p>La Sun S Pavillon dispose des panneaux IR les plus avanc\u00e9s du march\u00e9 et se distingue par son rayonnement EMR\/EF ultra faible. Elle garantit ainsi une chaleur p\u00e9n\u00e9trante, qui vous aidera \u00e0 vous d\u00e9tendre compl\u00e8tement. Cette cabine infrarouge vous offre une exp\u00e9rience compl\u00e8te, quel que soit votre budget ou l\u2019espace dont vous disposez.<\/p>\n<\/div><div class=\"margin-top-lg\"><a class=\"btn btn-primary btn-md\" href=\"#offerte\">Demander un devis<\/a><\/div><\/div><\/div><\/div><div class=\"row single-product-features full-width margin-top-md margin-bottom-lg bg-grey\"><div class=\"container\"><div class=\"col-sm-3 single-product-feature\"><h4>Disponible en 7 agencements diff\u00e9rents<\/h4><\/div><div class=\"col-sm-3 single-product-feature\"><h4>Jusqu\u2019\u00e0 20 % de r\u00e9duction sur votre consommation \u00e9nerg\u00e9tique<\/h4><\/div><div class=\"col-sm-3 single-product-feature\"><h4>Les panneaux IR les plus avanc\u00e9s du march\u00e9<\/h4><\/div><div class=\"col-sm-3 single-product-feature\"><h4>Rayonnement EMR\/EF ultra faible<\/h4><\/div><\/div><\/div><div class=\"row product-item\"><div class=\"container\"><div class=\"col-sm-offset-1 col-sm-10\"><h2>Informations sur le produit<\/h2><\/div><div class=\"col-sm-offset-1 col-sm-10\"><div class=\"margin-bottom-md\">\n\n<table border=\"1\" cellspacing=\"0\" cellpadding=\"0\">\n<tbody>\n<tr>\n<th valign=\"top\" width=\"98\">Mod\u00e8le<\/th>\n<th valign=\"top\" width=\"102\">Rectangular<\/th>\n<\/tr>\n<tr>\n<td style=\"text-align: center;\" valign=\"top\" width=\"98\">\n<p><strong>Taille<\/strong><\/p>\n<\/td>\n<td style=\"text-align: center;\" valign=\"top\" width=\"102\">1078 x 1633 x 1938<\/td>\n<\/tr>\n<tr>\n<td style=\"text-align: center;\" valign=\"top\" width=\"98\">\n<p><strong>Art. <\/strong><\/p>\n<\/td>\n<td style=\"text-align: center;\" valign=\"top\" width=\"102\">0035033<\/td>\n<\/tr>\n<tr>\n<td style=\"text-align: center;\" valign=\"top\" width=\"98\">\n<p><strong>Puissance<\/strong><\/p>\n<\/td>\n<td style=\"text-align: center;\" valign=\"top\" width=\"102\">2000 Watts<\/td>\n<\/tr>\n<tr>\n<td style=\"text-align: center;\" valign=\"top\" width=\"98\">\n<p><strong>Commande<\/strong><\/p>\n<\/td>\n<td style=\"text-align: center;\" valign=\"top\" width=\"102\">Unit\u00e9 de commande tactile pour un r\u00e9glage optimal du temps et de la temp\u00e9rature de votre traitement infrarouge. Permet aussi le contr\u00f4le de l\u2019\u00e9clairage, de la chromoth\u00e9rapie et du syst\u00e8me audio<\/td>\n<\/tr>\n<tr>\n<td style=\"text-align: center;\" valign=\"top\" width=\"98\">\n<p><strong>Verre<\/strong><\/p>\n<\/td>\n<td style=\"text-align: center;\" valign=\"top\" width=\"102\">\n<p>Fa\u00e7ade en verre transparent: Inclus<br \/>Porte sans cadre: Inclus<\/p>\n<\/td>\n<\/tr>\n<tr>\n<td style=\"text-align: center;\" valign=\"top\" width=\"98\">\n<p><strong>Panneaux<\/strong><\/p>\n<\/td>\n<td style=\"text-align: center;\" valign=\"top\" width=\"102\">Panneaux en pruche: Inclus<\/td>\n<\/tr>\n<tr>\n<td style=\"text-align: center;\" valign=\"top\" width=\"98\"><strong>Int\u00e9rieur<\/strong><\/td>\n<td style=\"text-align: center;\" valign=\"top\" width=\"102\">Haut-parleurs: Inclus<br \/>\u00c9cran tactile pour \u00e9coute de la musique: Inclus<br \/>Connexion avec USB ou AUX: Inclus<br \/>Syst\u00e8me d&rsquo;\u00e9clairage trimodal, avec \u00e9clairage doux dans la cantonni\u00e8re: Inclus<br \/>\u00c9clairage de lecture au plafond: Inclus<br \/>Haut-parleurs et chromoth\u00e9rapie: Inclus<br \/>Dossier ergonomique: Optionnel<\/td>\n<\/tr>\n<tr>\n<td style=\"text-align: center;\" valign=\"top\" width=\"98\">\n<p><strong>Options Suppl\u00e9mentaires Info<\/strong><\/p>\n<\/td>\n<td style=\"text-align: center;\" valign=\"top\" width=\"102\">Fast heating and no \u00ab\u00a0cold spots\u00a0\u00bb.\u00a0 The lowest electromagnetic radiation (EMR) signatures of any infrared delivery system available\u00a0<\/td>\n<\/tr>\n<\/tbody>\n<\/table>\n\n<\/div><\/div><\/div><\/div><div class=\"row margin-top-md\"><div class=\"container\"><div class=\"col-sm-12\"><h3 class=\"text-center\">T\u00e9l\u00e9chargez votre guide d\u2019utilisateur<\/h3><div class=\"margin-bottom-sm text-center\"><a class=\"btn btn-default btn-sm\" href=\"https:\/\/www.tylohelo.be\/wp-content\/uploads\/pavillon-guide-utilisateur.pdf\" target=\"_blank\">Sun S Pavillon guide d&rsquo;utilisateur<\/a><\/div><div class=\"margin-bottom-sm text-center\"><a class=\"btn btn-default btn-sm\" href=\"https:\/\/www.tylohelo.be\/wp-content\/uploads\/sun-s-pavillon-plattegrond.pdf\" target=\"_blank\">Sun S Pavillon layouts<\/a><\/div><\/div><\/div><\/div><div class=\"row single-blog margin-top-sm padding-top-sm\"><div class=\"container\"><div class=\"col-sm-12\">\n\t<div class=\"row iv-products margin-top-lg margin-bottom-md\">\n\t\t<div class=\"col-md-12\">\n\t\t\t<h2 class=\"h2\"><span>\n\t\t\t\t\n\t\t\t\t\t\t\t\tProduits associ\u00e9s\t\t\t\t\t\t\t\t<\/span><\/h2>\n\t\t<\/div>\n\t\t\n\t\t<div class=\"clearfix\"><\/div>\n\n\t\t<div class=\"row products slickit\">\n\t\t\t\n\t\t\t\t\t\t<div class=\"col-md-3 product iv-equal-height\">\n\t\t\t\t\t\t\t<a href=\"https:\/\/www.tylohelo.be\/fr\/produit\/sun-s-chateau\/\">\n\t\t\t\t\t\t\t\t<span class=\"image\">\n\t\t\t\t\t\t\t\t \t<img decoding=\"async\" width=\"255\" height=\"182\" src=\"https:\/\/www.tylohelo.be\/wp-content\/uploads\/Infrared_room_sun_s_chateau.jpg\" class=\"attachment-image_255 size-image_255 wp-post-image\" alt=\"Sun-S-chateau-infrared-room\" \/>\n\t\t\t\t\t\t\t\t<\/span>\n\t\t\t\t\t\t\t\t<span class=\"title\">\n\t\t\t\t\t\t\t\t\tSun S Chateau\n\t\t\t\t\t\t\t\t<\/span>\n\t\t\t\t\t\t\t<\/a>\n\t\t\t\t\t\t<\/div>\n\t\t\t\t\t\t\n\t\t\t\t\t\t<div class=\"col-md-3 product iv-equal-height\">\n\t\t\t\t\t\t\t<a href=\"https:\/\/www.tylohelo.be\/fr\/produit\/sun-s-pavillon\/\">\n\t\t\t\t\t\t\t\t<span class=\"image\">\n\t\t\t\t\t\t\t\t \t<img decoding=\"async\" width=\"255\" height=\"182\" src=\"https:\/\/www.tylohelo.be\/wp-content\/uploads\/sun_s_pavillon_infrared_room.jpg\" class=\"attachment-image_255 size-image_255 wp-post-image\" alt=\"Sun-S-Pavillon-infrared-room\" \/>\n\t\t\t\t\t\t\t\t<\/span>\n\t\t\t\t\t\t\t\t<span class=\"title\">\n\t\t\t\t\t\t\t\t\tSun S Pavillon\n\t\t\t\t\t\t\t\t<\/span>\n\t\t\t\t\t\t\t<\/a>\n\t\t\t\t\t\t<\/div>\n\t\t\t\t\t\t\n\t\t\t\t\t\t<div class=\"col-md-3 product iv-equal-height\">\n\t\t\t\t\t\t\t<a href=\"https:\/\/www.tylohelo.be\/fr\/produit\/sun-s-cottage\/\">\n\t\t\t\t\t\t\t\t<span class=\"image\">\n\t\t\t\t\t\t\t\t \t<img decoding=\"async\" width=\"255\" height=\"182\" src=\"https:\/\/www.tylohelo.be\/wp-content\/uploads\/Infrared_room_sun_s_cottage_tylohelo.jpg\" class=\"attachment-image_255 size-image_255 wp-post-image\" alt=\"Sun-S-cottage-tylohelo-infrared-room\" \/>\n\t\t\t\t\t\t\t\t<\/span>\n\t\t\t\t\t\t\t\t<span class=\"title\">\n\t\t\t\t\t\t\t\t\tSun S Cottage\n\t\t\t\t\t\t\t\t<\/span>\n\t\t\t\t\t\t\t<\/a>\n\t\t\t\t\t\t<\/div>\n\t\t\t\t\t\t\n\t\t\t\t\t\t<div class=\"col-md-3 product iv-equal-height\">\n\t\t\t\t\t\t\t<a href=\"https:\/\/www.tylohelo.be\/fr\/produit\/sun-s-sain\/\">\n\t\t\t\t\t\t\t\t<span class=\"image\">\n\t\t\t\t\t\t\t\t \t<img decoding=\"async\" width=\"255\" height=\"182\" src=\"https:\/\/www.tylohelo.be\/wp-content\/uploads\/Infra_room_sun_s_sain_tylohelo.jpg\" class=\"attachment-image_255 size-image_255 wp-post-image\" alt=\"Sun-S-Sain-infrared-tylohelo\" \/>\n\t\t\t\t\t\t\t\t<\/span>\n\t\t\t\t\t\t\t\t<span class=\"title\">\n\t\t\t\t\t\t\t\t\tSun S Sain\n\t\t\t\t\t\t\t\t<\/span>\n\t\t\t\t\t\t\t<\/a>\n\t\t\t\t\t\t<\/div>\n\t\t\t\t\t\t\t\t\t\t\t\t\t\t<\/div>\n\t<\/div>\n<\/div><\/div><\/div>\n","protected":false},"excerpt":{"rendered":"","protected":false},"featured_media":38508,"comment_status":"closed","ping_status":"closed","template":"","meta":[],"acf":[],"yoast_head":"<!-- This site is optimized with the Yoast SEO plugin v21.5 - https:\/\/yoast.com\/wordpress\/plugins\/seo\/ -->\n<title>Sun S Pavillon - TyloHelo<\/title>\n<meta name=\"description\" content=\"La cabine infrarouge Sun S Pavillon offre une solution polyvalente aux personnes qui d\u00e9sirent passer un moment wellness de qualit\u00e9.\" \/>\n<meta name=\"robots\" content=\"index, follow, max-snippet:-1, max-image-preview:large, max-video-preview:-1\" \/>\n<link rel=\"canonical\" href=\"https:\/\/www.tylohelo.be\/fr\/produit\/sun-s-pavillon\/\" \/>\n<meta property=\"og:locale\" content=\"fr_FR\" \/>\n<meta property=\"og:type\" content=\"article\" \/>\n<meta property=\"og:title\" content=\"Sun S Pavillon - TyloHelo\" \/>\n<meta property=\"og:description\" content=\"La cabine infrarouge Sun S Pavillon offre une solution polyvalente aux personnes qui d\u00e9sirent passer un moment wellness de qualit\u00e9.\" \/>\n<meta property=\"og:url\" content=\"https:\/\/www.tylohelo.be\/fr\/produit\/sun-s-pavillon\/\" \/>\n<meta property=\"og:site_name\" content=\"TyloHelo\" \/>\n<meta property=\"article:modified_time\" content=\"2020-03-27T16:00:56+00:00\" \/>\n<meta property=\"og:image\" content=\"https:\/\/www.tylohelo.be\/wp-content\/uploads\/sun_s_pavillon_infrared_room.jpg\" \/>\n\t<meta property=\"og:image:width\" content=\"1050\" \/>\n\t<meta property=\"og:image:height\" content=\"750\" \/>\n\t<meta property=\"og:image:type\" content=\"image\/jpeg\" \/>\n<meta name=\"twitter:card\" content=\"summary_large_image\" \/>\n<meta name=\"twitter:label1\" content=\"Dur\u00e9e de lecture estim\u00e9e\" \/>\n\t<meta name=\"twitter:data1\" content=\"7 minutes\" \/>\n<script type=\"application\/ld+json\" class=\"yoast-schema-graph\">{\"@context\":\"https:\/\/schema.org\",\"@graph\":[{\"@type\":\"WebPage\",\"@id\":\"https:\/\/www.tylohelo.be\/fr\/produit\/sun-s-pavillon\/\",\"url\":\"https:\/\/www.tylohelo.be\/fr\/produit\/sun-s-pavillon\/\",\"name\":\"Sun S Pavillon - TyloHelo\",\"isPartOf\":{\"@id\":\"https:\/\/www.tylohelo.be\/fr\/#website\"},\"datePublished\":\"2019-11-08T13:50:38+00:00\",\"dateModified\":\"2020-03-27T16:00:56+00:00\",\"description\":\"La cabine infrarouge Sun S Pavillon offre une solution polyvalente aux personnes qui d\u00e9sirent passer un moment wellness de qualit\u00e9.\",\"breadcrumb\":{\"@id\":\"https:\/\/www.tylohelo.be\/fr\/produit\/sun-s-pavillon\/#breadcrumb\"},\"inLanguage\":\"fr-FR\",\"potentialAction\":[{\"@type\":\"ReadAction\",\"target\":[\"https:\/\/www.tylohelo.be\/fr\/produit\/sun-s-pavillon\/\"]}]},{\"@type\":\"BreadcrumbList\",\"@id\":\"https:\/\/www.tylohelo.be\/fr\/produit\/sun-s-pavillon\/#breadcrumb\",\"itemListElement\":[{\"@type\":\"ListItem\",\"position\":1,\"name\":\"Home\",\"item\":\"https:\/\/www.tylohelo.be\/fr\/\"},{\"@type\":\"ListItem\",\"position\":2,\"name\":\"Producten\",\"item\":\"https:\/\/www.tylohelo.be\/shop\/\"},{\"@type\":\"ListItem\",\"position\":3,\"name\":\"Sun S Pavillon\"}]},{\"@type\":\"WebSite\",\"@id\":\"https:\/\/www.tylohelo.be\/fr\/#website\",\"url\":\"https:\/\/www.tylohelo.be\/fr\/\",\"name\":\"TyloHelo\",\"description\":\"partenaire en wellness\",\"potentialAction\":[{\"@type\":\"SearchAction\",\"target\":{\"@type\":\"EntryPoint\",\"urlTemplate\":\"https:\/\/www.tylohelo.be\/fr\/?s={search_term_string}\"},\"query-input\":\"required name=search_term_string\"}],\"inLanguage\":\"fr-FR\"}]}<\/script>\n<!-- \/ Yoast SEO plugin. -->","yoast_head_json":{"title":"Sun S Pavillon - TyloHelo","description":"La cabine infrarouge Sun S Pavillon offre une solution polyvalente aux personnes qui d\u00e9sirent passer un moment wellness de qualit\u00e9.","robots":{"index":"index","follow":"follow","max-snippet":"max-snippet:-1","max-image-preview":"max-image-preview:large","max-video-preview":"max-video-preview:-1"},"canonical":"https:\/\/www.tylohelo.be\/fr\/produit\/sun-s-pavillon\/","og_locale":"fr_FR","og_type":"article","og_title":"Sun S Pavillon - TyloHelo","og_description":"La cabine infrarouge Sun S Pavillon offre une solution polyvalente aux personnes qui d\u00e9sirent passer un moment wellness de qualit\u00e9.","og_url":"https:\/\/www.tylohelo.be\/fr\/produit\/sun-s-pavillon\/","og_site_name":"TyloHelo","article_modified_time":"2020-03-27T16:00:56+00:00","og_image":[{"width":1050,"height":750,"url":"https:\/\/www.tylohelo.be\/wp-content\/uploads\/sun_s_pavillon_infrared_room.jpg","type":"image\/jpeg"}],"twitter_card":"summary_large_image","twitter_misc":{"Dur\u00e9e de lecture estim\u00e9e":"7 minutes"},"schema":{"@context":"https:\/\/schema.org","@graph":[{"@type":"WebPage","@id":"https:\/\/www.tylohelo.be\/fr\/produit\/sun-s-pavillon\/","url":"https:\/\/www.tylohelo.be\/fr\/produit\/sun-s-pavillon\/","name":"Sun S Pavillon - TyloHelo","isPartOf":{"@id":"https:\/\/www.tylohelo.be\/fr\/#website"},"datePublished":"2019-11-08T13:50:38+00:00","dateModified":"2020-03-27T16:00:56+00:00","description":"La cabine infrarouge Sun S Pavillon offre une solution polyvalente aux personnes qui d\u00e9sirent passer un moment wellness de qualit\u00e9.","breadcrumb":{"@id":"https:\/\/www.tylohelo.be\/fr\/produit\/sun-s-pavillon\/#breadcrumb"},"inLanguage":"fr-FR","potentialAction":[{"@type":"ReadAction","target":["https:\/\/www.tylohelo.be\/fr\/produit\/sun-s-pavillon\/"]}]},{"@type":"BreadcrumbList","@id":"https:\/\/www.tylohelo.be\/fr\/produit\/sun-s-pavillon\/#breadcrumb","itemListElement":[{"@type":"ListItem","position":1,"name":"Home","item":"https:\/\/www.tylohelo.be\/fr\/"},{"@type":"ListItem","position":2,"name":"Producten","item":"https:\/\/www.tylohelo.be\/shop\/"},{"@type":"ListItem","position":3,"name":"Sun S Pavillon"}]},{"@type":"WebSite","@id":"https:\/\/www.tylohelo.be\/fr\/#website","url":"https:\/\/www.tylohelo.be\/fr\/","name":"TyloHelo","description":"partenaire en wellness","potentialAction":[{"@type":"SearchAction","target":{"@type":"EntryPoint","urlTemplate":"https:\/\/www.tylohelo.be\/fr\/?s={search_term_string}"},"query-input":"required name=search_term_string"}],"inLanguage":"fr-FR"}]}},"_links":{"self":[{"href":"https:\/\/www.tylohelo.be\/fr\/wp-json\/wp\/v2\/product\/38627"}],"collection":[{"href":"https:\/\/www.tylohelo.be\/fr\/wp-json\/wp\/v2\/product"}],"about":[{"href":"https:\/\/www.tylohelo.be\/fr\/wp-json\/wp\/v2\/types\/product"}],"replies":[{"embeddable":true,"href":"https:\/\/www.tylohelo.be\/fr\/wp-json\/wp\/v2\/comments?post=38627"}],"wp:featuredmedia":[{"embeddable":true,"href":"https:\/\/www.tylohelo.be\/fr\/wp-json\/wp\/v2\/media\/38508"}],"wp:attachment":[{"href":"https:\/\/www.tylohelo.be\/fr\/wp-json\/wp\/v2\/media?parent=38627"}],"curies":[{"name":"wp","href":"https:\/\/api.w.org\/{rel}","templated":true}]}}