{"id":38656,"date":"2019-07-08T15:40:14","date_gmt":"2019-11-12T13:10:11","guid":{"rendered":"https:\/\/www.tylohelo.be\/?post_type=product&#038;p=38656"},"modified":"2020-05-13T17:08:29","modified_gmt":"2020-05-13T15:08:29","slug":"tylo-sense-combi-elite","status":"publish","type":"product","link":"https:\/\/www.tylohelo.be\/fr\/produit\/tylo-sense-combi-elite\/","title":{"rendered":"Tyl\u00f6 Sense Combi Elite"},"content":{"rendered":"<div class=\"row single-product-intro padding-top-lg padding-bottom-lg\"><div class=\"container\"><div class=\"col-sm-offset-1 col-sm-10\"><h1 class=\"h2 bottom_border padding-bottom-md text-center\">Tyl\u00f6 Sense Combi Elite<\/h1><\/div><\/div><\/div><div class=\"row product-first single-product-first margin-bottom-md padding-bottom-md\"><div class=\"container\"><div class=\"col-sm-6 margin-bottom-md iv-equal-height\"><div class=\"margin-right-lg text-center\"><div class=\"image-equalheight\" data-mh=\"group-iv-image\"><img decoding=\"async\" src=\"https:\/\/www.tylohelo.be\/wp-content\/uploads\/Sense-MPE-e1443775230661.jpg\" alt=\"Sense-MPE-heater-sauna\" class=\"img-responsive\"><\/div><\/div><\/div><div class=\"col-sm-6 iv-equal-height\"><div class=\"margin-bottom-sm\">\n<p>L&rsquo;alternative par excellence pour profiter du sauna. Qu\u2019il s&rsquo;agisse d&rsquo;une chaleur s\u00e8che ou d\u2019un hammam, vous vivrez une exp\u00e9rience unique. Le po\u00eale pour sauna Sense Combi Elite fait tout\u00a0: il est efficace, intelligent et facile \u00e0 utiliser. Gr\u00e2ce au panneau de contr\u00f4le connect\u00e9 au WiFi, vous pouvez programmer vous-m\u00eame votre sauna, et l\u2019allumer\/l\u2019\u00e9teindre depuis la banquette ou la piscine.<\/p>\n<\/div><a class=\"btn btn-primary btn-md\" href=\"#offerte\">Demander un devis<\/a><\/div><\/div><\/div><div class=\"row single-product-features full-width margin-top-md margin-bottom-lg bg-grey\"><div class=\"container\"><div class=\"col-sm-3 single-product-feature\"><h4>Option hammam incluse<\/h4>\n<p>Th\u00e9rapie min\u00e9rale et aromath\u00e9rapie envisageables<\/p>\n<\/div><div class=\"col-sm-3 single-product-feature\"><h4>Puissance de sortie partag\u00e9e<\/h4>\n<p>R\u00e9duit la puissance d\u00e8s que la temp\u00e9rature indiqu\u00e9e est atteinte<\/p>\n<\/div><div class=\"col-sm-3 single-product-feature\"><h4>Gaine de protection thermosafe<\/h4>\n<p>\u00c9vite les brulures accidentelles<\/p>\n<\/div><div class=\"col-sm-3 single-product-feature\"><h4>Assembl\u00e9 en Su\u00e8de<\/h4>\n<p>Les \u00e9l\u00e9ments sont fabriqu\u00e9s en Su\u00e8de<\/p>\n<\/div><\/div><\/div><div class=\"row product-item\"><div class=\"container\"><div class=\"col-sm-offset-1 col-sm-10\"><h2>Informations sur le produit<\/h2><\/div><div class=\"col-sm-offset-1 col-sm-10\"><div class=\"margin-bottom-md\">\n\n<table border=\"1\" cellspacing=\"0\" cellpadding=\"0\">\n<tbody>\n<tr>\n<th valign=\"top\" width=\"99\">Couleurs<\/th>\n<th valign=\"top\" width=\"98\">Commande<\/th>\n<th valign=\"top\" width=\"102\">Relais<\/th>\n<th valign=\"top\" width=\"120\">Installation<\/th>\n<\/tr>\n<tr>\n<td style=\"text-align: center;\" valign=\"top\" width=\"99\">Noir<\/td>\n<td style=\"text-align: center;\" valign=\"top\" width=\"98\">Elite (inclus)<\/td>\n<td style=\"text-align: center;\" valign=\"top\" width=\"102\">Pas n\u00e9cessaire<\/td>\n<td style=\"text-align: center;\" rowspan=\"3\" valign=\"top\" width=\"120\">Montage au sol ou sur une cloison<\/td>\n<\/tr>\n<\/tbody>\n<\/table>\n\n<\/div><h2>Informations techniques<\/h2><div class=\"margin-bottom-md\">\n\n<table border=\"1\" cellspacing=\"0\" cellpadding=\"0\">\n<tbody>\n<tr>\n<th valign=\"top\" width=\"99\">Type<\/th>\n<th valign=\"top\" width=\"98\">Art. nr<\/th>\n<th valign=\"top\" width=\"102\">Puissance (kW)<\/th>\n<th valign=\"top\" width=\"99\">Volume du sauna (m3)<\/th>\n<th valign=\"top\" width=\"99\">Taille (long. x larg. x haut.)<\/th>\n<th valign=\"top\" width=\"99\">Pierres (kg)<\/th>\n<\/tr>\n<tr>\n<td style=\"text-align: center;\" valign=\"top\" width=\"99\">Sense Combi Elite 6<\/td>\n<td style=\"text-align: center;\" valign=\"top\" width=\"98\">61001036<\/td>\n<td style=\"text-align: center;\" valign=\"top\" width=\"102\">6.6<\/td>\n<td style=\"text-align: center;\" valign=\"top\" width=\"99\">4-8<\/td>\n<td style=\"text-align: center;\" valign=\"top\" width=\"99\">431 x 375 x 559<\/td>\n<td style=\"text-align: center;\" valign=\"top\" width=\"99\">20<\/td>\n<\/tr>\n<tr>\n<td style=\"text-align: center;\" valign=\"top\" width=\"99\">Sense Combi Elite 8<\/td>\n<td style=\"text-align: center;\" valign=\"top\" width=\"98\">61001038<\/td>\n<td style=\"text-align: center;\" valign=\"top\" width=\"102\">8<\/td>\n<td style=\"text-align: center;\" valign=\"top\" width=\"99\">6-12<\/td>\n<td style=\"text-align: center;\" valign=\"top\" width=\"99\">431 x 375 x 559<\/td>\n<td style=\"text-align: center;\" valign=\"top\" width=\"99\">20<\/td>\n<\/tr>\n<tr>\n<td style=\"text-align: center;\" valign=\"top\" width=\"99\">Sense Combi Elite 10<\/td>\n<td style=\"text-align: center;\" valign=\"top\" width=\"98\">61001084<\/td>\n<td style=\"text-align: center;\" valign=\"top\" width=\"102\">10.53<\/td>\n<td style=\"text-align: center;\" valign=\"top\" width=\"99\">10-18<\/td>\n<td style=\"text-align: center;\" valign=\"top\" width=\"99\">431 x 375 x 559<\/td>\n<td style=\"text-align: center;\" valign=\"top\" width=\"99\">20<\/td>\n<\/tr>\n<\/tbody>\n<\/table>\n\n<\/div><h2>Distance de s\u00e9curit\u00e9<\/h2><div class=\"margin-bottom-md\">\n\n<table border=\"1\" cellspacing=\"0\" cellpadding=\"0\">\n<tbody>\n<tr>\n<th valign=\"top\" width=\"99\">Type<\/th>\n<th valign=\"top\" width=\"98\">C\u00f4t\u00e9 (mm)<\/th>\n<th valign=\"top\" width=\"102\">Plafond (mm)<\/th>\n<\/tr>\n<tr>\n<td style=\"text-align: center;\" valign=\"top\" width=\"99\">Sense Combi Elite 6<\/td>\n<td style=\"text-align: center;\" valign=\"top\" width=\"98\">110<\/td>\n<td style=\"text-align: center;\" valign=\"top\" width=\"102\">1900<\/td>\n<\/tr>\n<tr>\n<td style=\"text-align: center;\" valign=\"top\" width=\"99\">Sense Combi Elite 8<\/td>\n<td style=\"text-align: center;\" valign=\"top\" width=\"98\">110<\/td>\n<td style=\"text-align: center;\" valign=\"top\" width=\"102\">1900<\/td>\n<\/tr>\n<tr>\n<td style=\"text-align: center;\" valign=\"top\" width=\"99\">Sense Combi Elite 10<\/td>\n<td style=\"text-align: center;\" valign=\"top\" width=\"98\">110<\/td>\n<td style=\"text-align: center;\" valign=\"top\" width=\"102\">1900<\/td>\n<\/tr>\n<\/tbody>\n<\/table>\n\n<\/div><\/div><\/div><\/div><div class=\"row margin-top-md\"><div class=\"container\"><div class=\"col-sm-12\"><h3 class=\"text-center\">T\u00e9l\u00e9chargez votre guide d\u2019utilisateur<\/h3><div class=\"margin-bottom-sm text-center\"><a class=\"btn btn-default btn-sm\" href=\"https:\/\/www.tylohelo.be\/wp-content\/uploads\/sense-combi-elite-installation-guide.pdf\" target=\"_blank\">Tyl\u00f6 Sense Combi Elite guide d&rsquo;utilisateur<\/a><\/div><div class=\"margin-bottom-sm text-center\"><a class=\"btn btn-default btn-sm\" href=\"https:\/\/www.tylohelo.be\/wp-content\/uploads\/sense-combi-elite-user-guide.pdf\" target=\"_blank\">Tyl\u00f6 Sense Combi Elite user guide<\/a><\/div><\/div><\/div><\/div><div class=\"row single-blog\"><div class=\"container\"><div class=\"col-sm-12\">\n\t<div class=\"row iv-products margin-top-lg margin-bottom-md\">\n\t\t<div class=\"col-md-12\">\n\t\t\t<h2 class=\"h2\"><span>\n\t\t\t\t\n\t\t\t\t\t\t\t\tProduits associ\u00e9s\t\t\t\t\t\t\t\t<\/span><\/h2>\n\t\t<\/div>\n\t\t\n\t\t<div class=\"clearfix\"><\/div>\n\n\t\t<div class=\"row products slickit\">\n\t\t\t\n\t\t\t\t\t\t<div class=\"col-md-3 product iv-equal-height\">\n\t\t\t\t\t\t\t<a href=\"https:\/\/www.tylohelo.be\/fr\/produit\/karhu-pata-poele-a-bois\/\">\n\t\t\t\t\t\t\t\t<span class=\"image\">\n\t\t\t\t\t\t\t\t \t<img decoding=\"async\" width=\"255\" height=\"182\" src=\"https:\/\/www.tylohelo.be\/wp-content\/uploads\/karhu_pata_houtkachel.jpg\" class=\"attachment-image_255 size-image_255 wp-post-image\" alt=\"Karhu-Pata-houtkachel\" \/>\n\t\t\t\t\t\t\t\t<\/span>\n\t\t\t\t\t\t\t\t<span class=\"title\">\n\t\t\t\t\t\t\t\t\tKarhu Pata po\u00eale \u00e0 bois\n\t\t\t\t\t\t\t\t<\/span>\n\t\t\t\t\t\t\t<\/a>\n\t\t\t\t\t\t<\/div>\n\t\t\t\t\t\t\n\t\t\t\t\t\t<div class=\"col-md-3 product iv-equal-height\">\n\t\t\t\t\t\t\t<a href=\"https:\/\/www.tylohelo.be\/fr\/produit\/tylo-expression-combi\/\">\n\t\t\t\t\t\t\t\t<span class=\"image\">\n\t\t\t\t\t\t\t\t \t<img decoding=\"async\" width=\"255\" height=\"182\" src=\"https:\/\/www.tylohelo.be\/wp-content\/uploads\/tylo_expression_combi.jpg\" class=\"attachment-image_255 size-image_255 wp-post-image\" alt=\"Tylo-expression-combi\" \/>\n\t\t\t\t\t\t\t\t<\/span>\n\t\t\t\t\t\t\t\t<span class=\"title\">\n\t\t\t\t\t\t\t\t\tTyl\u00f6 Expression Combi\n\t\t\t\t\t\t\t\t<\/span>\n\t\t\t\t\t\t\t<\/a>\n\t\t\t\t\t\t<\/div>\n\t\t\t\t\t\t\n\t\t\t\t\t\t<div class=\"col-md-3 product iv-equal-height\">\n\t\t\t\t\t\t\t<a href=\"https:\/\/www.tylohelo.be\/fr\/produit\/helo-octa\/\">\n\t\t\t\t\t\t\t\t<span class=\"image\">\n\t\t\t\t\t\t\t\t \t<img decoding=\"async\" width=\"255\" height=\"182\" src=\"https:\/\/www.tylohelo.be\/wp-content\/uploads\/Octa_sauna_heater_commercial.jpg\" class=\"attachment-image_255 size-image_255 wp-post-image\" alt=\"\" \/>\n\t\t\t\t\t\t\t\t<\/span>\n\t\t\t\t\t\t\t\t<span class=\"title\">\n\t\t\t\t\t\t\t\t\tHelo Octa\n\t\t\t\t\t\t\t\t<\/span>\n\t\t\t\t\t\t\t<\/a>\n\t\t\t\t\t\t<\/div>\n\t\t\t\t\t\t\n\t\t\t\t\t\t<div class=\"col-md-3 product iv-equal-height\">\n\t\t\t\t\t\t\t<a href=\"https:\/\/www.tylohelo.be\/fr\/produit\/helo-cup\/\">\n\t\t\t\t\t\t\t\t<span class=\"image\">\n\t\t\t\t\t\t\t\t \t<img decoding=\"async\" width=\"255\" height=\"182\" src=\"https:\/\/www.tylohelo.be\/wp-content\/uploads\/tylo_cup.jpg\" class=\"attachment-image_255 size-image_255 wp-post-image\" alt=\"Helo-cup-sauna-heater\" \/>\n\t\t\t\t\t\t\t\t<\/span>\n\t\t\t\t\t\t\t\t<span class=\"title\">\n\t\t\t\t\t\t\t\t\tHelo Cup\n\t\t\t\t\t\t\t\t<\/span>\n\t\t\t\t\t\t\t<\/a>\n\t\t\t\t\t\t<\/div>\n\t\t\t\t\t\t\t\t\t\t\t\t\t\t<\/div>\n\t<\/div>\n<\/div><\/div><\/div>\n","protected":false},"excerpt":{"rendered":"","protected":false},"featured_media":37217,"comment_status":"closed","ping_status":"closed","template":"","meta":[],"acf":[],"yoast_head":"<!-- This site is optimized with the Yoast SEO plugin v21.5 - https:\/\/yoast.com\/wordpress\/plugins\/seo\/ -->\n<title>Tyl\u00f6 Sense Combi Elite - TyloHelo<\/title>\n<meta name=\"description\" content=\"L&#039;alternative par excellence pour profiter du sauna. Le po\u00eale pour sauna Sense Combi Elite fait tout : il est efficace, intelligent et facile \u00e0 utiliser.\" \/>\n<meta name=\"robots\" content=\"index, follow, max-snippet:-1, max-image-preview:large, max-video-preview:-1\" \/>\n<link rel=\"canonical\" href=\"https:\/\/www.tylohelo.be\/fr\/produit\/tylo-sense-combi-elite\/\" \/>\n<meta property=\"og:locale\" content=\"fr_FR\" \/>\n<meta property=\"og:type\" content=\"article\" \/>\n<meta property=\"og:title\" content=\"Tyl\u00f6 Sense Combi Elite - TyloHelo\" \/>\n<meta property=\"og:description\" content=\"L&#039;alternative par excellence pour profiter du sauna. Le po\u00eale pour sauna Sense Combi Elite fait tout : il est efficace, intelligent et facile \u00e0 utiliser.\" \/>\n<meta property=\"og:url\" content=\"https:\/\/www.tylohelo.be\/fr\/produit\/tylo-sense-combi-elite\/\" \/>\n<meta property=\"og:site_name\" content=\"TyloHelo\" \/>\n<meta property=\"article:modified_time\" content=\"2020-05-13T15:08:29+00:00\" \/>\n<meta property=\"og:image\" content=\"https:\/\/www.tylohelo.be\/wp-content\/uploads\/Sense-MPE-e1443775230661-1.jpg\" \/>\n\t<meta property=\"og:image:width\" content=\"600\" \/>\n\t<meta property=\"og:image:height\" content=\"348\" \/>\n\t<meta property=\"og:image:type\" content=\"image\/jpeg\" \/>\n<meta name=\"twitter:card\" content=\"summary_large_image\" \/>\n<meta name=\"twitter:label1\" content=\"Dur\u00e9e de lecture estim\u00e9e\" \/>\n\t<meta name=\"twitter:data1\" content=\"8 minutes\" \/>\n<script type=\"application\/ld+json\" class=\"yoast-schema-graph\">{\"@context\":\"https:\/\/schema.org\",\"@graph\":[{\"@type\":\"WebPage\",\"@id\":\"https:\/\/www.tylohelo.be\/fr\/produit\/tylo-sense-combi-elite\/\",\"url\":\"https:\/\/www.tylohelo.be\/fr\/produit\/tylo-sense-combi-elite\/\",\"name\":\"Tyl\u00f6 Sense Combi Elite - TyloHelo\",\"isPartOf\":{\"@id\":\"https:\/\/www.tylohelo.be\/fr\/#website\"},\"datePublished\":\"2019-11-12T13:10:11+00:00\",\"dateModified\":\"2020-05-13T15:08:29+00:00\",\"description\":\"L'alternative par excellence pour profiter du sauna. Le po\u00eale pour sauna Sense Combi Elite fait tout : il est efficace, intelligent et facile \u00e0 utiliser.\",\"breadcrumb\":{\"@id\":\"https:\/\/www.tylohelo.be\/fr\/produit\/tylo-sense-combi-elite\/#breadcrumb\"},\"inLanguage\":\"fr-FR\",\"potentialAction\":[{\"@type\":\"ReadAction\",\"target\":[\"https:\/\/www.tylohelo.be\/fr\/produit\/tylo-sense-combi-elite\/\"]}]},{\"@type\":\"BreadcrumbList\",\"@id\":\"https:\/\/www.tylohelo.be\/fr\/produit\/tylo-sense-combi-elite\/#breadcrumb\",\"itemListElement\":[{\"@type\":\"ListItem\",\"position\":1,\"name\":\"Home\",\"item\":\"https:\/\/www.tylohelo.be\/fr\/\"},{\"@type\":\"ListItem\",\"position\":2,\"name\":\"Producten\",\"item\":\"https:\/\/www.tylohelo.be\/shop\/\"},{\"@type\":\"ListItem\",\"position\":3,\"name\":\"Tyl\u00f6 Sense Combi Elite\"}]},{\"@type\":\"WebSite\",\"@id\":\"https:\/\/www.tylohelo.be\/fr\/#website\",\"url\":\"https:\/\/www.tylohelo.be\/fr\/\",\"name\":\"TyloHelo\",\"description\":\"partenaire en wellness\",\"potentialAction\":[{\"@type\":\"SearchAction\",\"target\":{\"@type\":\"EntryPoint\",\"urlTemplate\":\"https:\/\/www.tylohelo.be\/fr\/?s={search_term_string}\"},\"query-input\":\"required name=search_term_string\"}],\"inLanguage\":\"fr-FR\"}]}<\/script>\n<!-- \/ Yoast SEO plugin. -->","yoast_head_json":{"title":"Tyl\u00f6 Sense Combi Elite - TyloHelo","description":"L'alternative par excellence pour profiter du sauna. Le po\u00eale pour sauna Sense Combi Elite fait tout : il est efficace, intelligent et facile \u00e0 utiliser.","robots":{"index":"index","follow":"follow","max-snippet":"max-snippet:-1","max-image-preview":"max-image-preview:large","max-video-preview":"max-video-preview:-1"},"canonical":"https:\/\/www.tylohelo.be\/fr\/produit\/tylo-sense-combi-elite\/","og_locale":"fr_FR","og_type":"article","og_title":"Tyl\u00f6 Sense Combi Elite - TyloHelo","og_description":"L'alternative par excellence pour profiter du sauna. Le po\u00eale pour sauna Sense Combi Elite fait tout : il est efficace, intelligent et facile \u00e0 utiliser.","og_url":"https:\/\/www.tylohelo.be\/fr\/produit\/tylo-sense-combi-elite\/","og_site_name":"TyloHelo","article_modified_time":"2020-05-13T15:08:29+00:00","og_image":[{"width":600,"height":348,"url":"https:\/\/www.tylohelo.be\/wp-content\/uploads\/Sense-MPE-e1443775230661-1.jpg","type":"image\/jpeg"}],"twitter_card":"summary_large_image","twitter_misc":{"Dur\u00e9e de lecture estim\u00e9e":"8 minutes"},"schema":{"@context":"https:\/\/schema.org","@graph":[{"@type":"WebPage","@id":"https:\/\/www.tylohelo.be\/fr\/produit\/tylo-sense-combi-elite\/","url":"https:\/\/www.tylohelo.be\/fr\/produit\/tylo-sense-combi-elite\/","name":"Tyl\u00f6 Sense Combi Elite - TyloHelo","isPartOf":{"@id":"https:\/\/www.tylohelo.be\/fr\/#website"},"datePublished":"2019-11-12T13:10:11+00:00","dateModified":"2020-05-13T15:08:29+00:00","description":"L'alternative par excellence pour profiter du sauna. Le po\u00eale pour sauna Sense Combi Elite fait tout : il est efficace, intelligent et facile \u00e0 utiliser.","breadcrumb":{"@id":"https:\/\/www.tylohelo.be\/fr\/produit\/tylo-sense-combi-elite\/#breadcrumb"},"inLanguage":"fr-FR","potentialAction":[{"@type":"ReadAction","target":["https:\/\/www.tylohelo.be\/fr\/produit\/tylo-sense-combi-elite\/"]}]},{"@type":"BreadcrumbList","@id":"https:\/\/www.tylohelo.be\/fr\/produit\/tylo-sense-combi-elite\/#breadcrumb","itemListElement":[{"@type":"ListItem","position":1,"name":"Home","item":"https:\/\/www.tylohelo.be\/fr\/"},{"@type":"ListItem","position":2,"name":"Producten","item":"https:\/\/www.tylohelo.be\/shop\/"},{"@type":"ListItem","position":3,"name":"Tyl\u00f6 Sense Combi Elite"}]},{"@type":"WebSite","@id":"https:\/\/www.tylohelo.be\/fr\/#website","url":"https:\/\/www.tylohelo.be\/fr\/","name":"TyloHelo","description":"partenaire en wellness","potentialAction":[{"@type":"SearchAction","target":{"@type":"EntryPoint","urlTemplate":"https:\/\/www.tylohelo.be\/fr\/?s={search_term_string}"},"query-input":"required name=search_term_string"}],"inLanguage":"fr-FR"}]}},"_links":{"self":[{"href":"https:\/\/www.tylohelo.be\/fr\/wp-json\/wp\/v2\/product\/38656"}],"collection":[{"href":"https:\/\/www.tylohelo.be\/fr\/wp-json\/wp\/v2\/product"}],"about":[{"href":"https:\/\/www.tylohelo.be\/fr\/wp-json\/wp\/v2\/types\/product"}],"replies":[{"embeddable":true,"href":"https:\/\/www.tylohelo.be\/fr\/wp-json\/wp\/v2\/comments?post=38656"}],"wp:featuredmedia":[{"embeddable":true,"href":"https:\/\/www.tylohelo.be\/fr\/wp-json\/wp\/v2\/media\/37217"}],"wp:attachment":[{"href":"https:\/\/www.tylohelo.be\/fr\/wp-json\/wp\/v2\/media?parent=38656"}],"curies":[{"name":"wp","href":"https:\/\/api.w.org\/{rel}","templated":true}]}}